{"id":256,"date":"2021-03-20T15:44:58","date_gmt":"2021-03-20T14:44:58","guid":{"rendered":"https:\/\/sauerland-fitness.de\/?page_id=256"},"modified":"2025-04-19T14:32:28","modified_gmt":"2025-04-19T12:32:28","slug":"pilates","status":"publish","type":"page","link":"https:\/\/sauerland-fitness.de\/?page_id=256","title":{"rendered":"Pilates"},"content":{"rendered":"\t\t<div data-elementor-type=\"wp-page\" data-elementor-id=\"256\" class=\"elementor elementor-256\" data-elementor-post-type=\"page\">\n\t\t\t\t\t\t<section class=\"elementor-section elementor-top-section elementor-element elementor-element-448b0eb elementor-section-boxed elementor-section-height-default elementor-section-height-default\" data-id=\"448b0eb\" data-element_type=\"section\" data-e-type=\"section\">\n\t\t\t\t\t\t<div class=\"elementor-container elementor-column-gap-default\">\n\t\t\t\t\t<div class=\"elementor-column elementor-col-50 elementor-top-column elementor-element elementor-element-826b328\" data-id=\"826b328\" data-element_type=\"column\" data-e-type=\"column\">\n\t\t\t<div class=\"elementor-widget-wrap elementor-element-populated\">\n\t\t\t\t\t\t<div class=\"elementor-element elementor-element-73f7354 elementor-widget elementor-widget-image\" data-id=\"73f7354\" data-element_type=\"widget\" data-e-type=\"widget\" data-widget_type=\"image.default\">\n\t\t\t\t<div class=\"elementor-widget-container\">\n\t\t\t\t\t\t\t\t\t\t\t\t\t\t\t<img fetchpriority=\"high\" decoding=\"async\" width=\"800\" height=\"534\" src=\"https:\/\/sauerland-fitness.de\/wp-content\/uploads\/2025\/04\/iStock-981636466-1024x683.jpg\" class=\"attachment-large size-large wp-image-437\" alt=\"\" srcset=\"https:\/\/sauerland-fitness.de\/wp-content\/uploads\/2025\/04\/iStock-981636466-1024x683.jpg 1024w, https:\/\/sauerland-fitness.de\/wp-content\/uploads\/2025\/04\/iStock-981636466-300x200.jpg 300w, https:\/\/sauerland-fitness.de\/wp-content\/uploads\/2025\/04\/iStock-981636466-768x512.jpg 768w, https:\/\/sauerland-fitness.de\/wp-content\/uploads\/2025\/04\/iStock-981636466-1536x1024.jpg 1536w, https:\/\/sauerland-fitness.de\/wp-content\/uploads\/2025\/04\/iStock-981636466-2048x1365.jpg 2048w\" sizes=\"(max-width: 800px) 100vw, 800px\" \/>\t\t\t\t\t\t\t\t\t\t\t\t\t\t\t<\/div>\n\t\t\t\t<\/div>\n\t\t\t\t\t<\/div>\n\t\t<\/div>\n\t\t\t\t<div class=\"elementor-column elementor-col-50 elementor-top-column elementor-element elementor-element-0e38ecb\" data-id=\"0e38ecb\" data-element_type=\"column\" data-e-type=\"column\">\n\t\t\t<div class=\"elementor-widget-wrap elementor-element-populated\">\n\t\t\t\t\t\t<div class=\"elementor-element elementor-element-83d0782 elementor-widget elementor-widget-text-editor\" data-id=\"83d0782\" data-element_type=\"widget\" data-e-type=\"widget\" data-widget_type=\"text-editor.default\">\n\t\t\t\t<div class=\"elementor-widget-container\">\n\t\t\t\t\t\t\t\t\t<p>St\u00e4rke deinen K\u00f6rper und Geist<\/p>\n<p>Du bist auf der Suche nach etwas Ruhigerem zum (Wieder-)Einstieg oder zum Entschleunigen? Dann ist dieser Kurs ideal f\u00fcr dich.<\/p>\n<p>Wenn du K\u00f6rper und Geist vereinst, kannst du Berge versetzen.<\/p>\n<p>Du findest Ruhe und Entspannung durch regelm\u00e4\u00dfige und langsame Wiederholungen. Gewohnte Bewegungsabl\u00e4ufe geben dir die M\u00f6glichkeit, die Bewegungen zu verfeinern und zu verst\u00e4rken.<\/p>\n<p>Was dann? Langeweile? Sicher nicht. Durch gezielte Kombinationen und Erweiterungen wirst du immer wieder aufs Neue herausgefordert und kannst dich weiter verwirklichen.<\/p>\t\t\t\t\t\t\t\t<\/div>\n\t\t\t\t<\/div>\n\t\t\t\t\t<\/div>\n\t\t<\/div>\n\t\t\t\t\t<\/div>\n\t\t<\/section>\n\t\t\t\t<\/div>\n\t\t","protected":false},"excerpt":{"rendered":"<p>St\u00e4rke deinen K\u00f6rper und Geist Du bist auf der Suche nach etwas Ruhigerem zum (Wieder-)Einstieg oder zum Entschleunigen? Dann ist dieser Kurs ideal f\u00fcr dich. Wenn du K\u00f6rper und Geist vereinst, kannst du Berge versetzen. Du findest Ruhe und Entspannung durch regelm\u00e4\u00dfige und langsame Wiederholungen. Gewohnte Bewegungsabl\u00e4ufe geben dir die M\u00f6glichkeit, die Bewegungen zu verfeinern [&hellip;]<\/p>\n","protected":false},"author":1,"featured_media":0,"parent":0,"menu_order":0,"comment_status":"closed","ping_status":"closed","template":"","meta":{"footnotes":""},"class_list":["post-256","page","type-page","status-publish","hentry"],"_links":{"self":[{"href":"https:\/\/sauerland-fitness.de\/index.php?rest_route=\/wp\/v2\/pages\/256","targetHints":{"allow":["GET"]}}],"collection":[{"href":"https:\/\/sauerland-fitness.de\/index.php?rest_route=\/wp\/v2\/pages"}],"about":[{"href":"https:\/\/sauerland-fitness.de\/index.php?rest_route=\/wp\/v2\/types\/page"}],"author":[{"embeddable":true,"href":"https:\/\/sauerland-fitness.de\/index.php?rest_route=\/wp\/v2\/users\/1"}],"replies":[{"embeddable":true,"href":"https:\/\/sauerland-fitness.de\/index.php?rest_route=%2Fwp%2Fv2%2Fcomments&post=256"}],"version-history":[{"count":7,"href":"https:\/\/sauerland-fitness.de\/index.php?rest_route=\/wp\/v2\/pages\/256\/revisions"}],"predecessor-version":[{"id":578,"href":"https:\/\/sauerland-fitness.de\/index.php?rest_route=\/wp\/v2\/pages\/256\/revisions\/578"}],"wp:attachment":[{"href":"https:\/\/sauerland-fitness.de\/index.php?rest_route=%2Fwp%2Fv2%2Fmedia&parent=256"}],"curies":[{"name":"wp","href":"https:\/\/api.w.org\/{rel}","templated":true}]}}