{"id":82,"date":"2020-09-27T16:16:23","date_gmt":"2020-09-27T14:16:23","guid":{"rendered":"https:\/\/sauerland-fitness.de\/?page_id=82"},"modified":"2025-04-19T11:00:59","modified_gmt":"2025-04-19T09:00:59","slug":"mutter-kind-turnen","status":"publish","type":"page","link":"https:\/\/sauerland-fitness.de\/?page_id=82","title":{"rendered":"Mutter-Kind-Turnen"},"content":{"rendered":"\t\t<div data-elementor-type=\"wp-page\" data-elementor-id=\"82\" class=\"elementor elementor-82\" data-elementor-post-type=\"page\">\n\t\t\t\t\t\t<section class=\"elementor-section elementor-top-section elementor-element elementor-element-18069dce elementor-section-boxed elementor-section-height-default elementor-section-height-default\" data-id=\"18069dce\" data-element_type=\"section\" data-e-type=\"section\">\n\t\t\t\t\t\t<div class=\"elementor-container elementor-column-gap-default\">\n\t\t\t\t\t<div class=\"elementor-column elementor-col-100 elementor-top-column elementor-element elementor-element-6db1e29e\" data-id=\"6db1e29e\" data-element_type=\"column\" data-e-type=\"column\">\n\t\t\t<div class=\"elementor-widget-wrap elementor-element-populated\">\n\t\t\t\t\t\t<div class=\"elementor-element elementor-element-1a081460 elementor-widget elementor-widget-text-editor\" data-id=\"1a081460\" data-element_type=\"widget\" data-e-type=\"widget\" data-widget_type=\"text-editor.default\">\n\t\t\t\t<div class=\"elementor-widget-container\">\n\t\t\t\t\t\t\t\t\t\n<p>Das Mutter-Kind-Turnen f\u00fcr 1-3-J\u00e4hrige bieten wir in Kooperation mit dem TuS Heinrichsthal-Wehrstapel an.<\/p>\n\n<p>F\u00fcr weitere Informationen folgen Sie bitte dem <a href=\"http:\/\/tushw.de\" target=\"_blank\" rel=\"noreferrer noopener\" data-type=\"URL\" data-id=\"tushw.de\">Link zum TuS Heinrichsthal-Wehrstapel<\/a>. Dort finden Sie alle Informationen und Ansprechpartner.<\/p>\n\t\t\t\t\t\t\t\t<\/div>\n\t\t\t\t<\/div>\n\t\t\t\t\t<\/div>\n\t\t<\/div>\n\t\t\t\t\t<\/div>\n\t\t<\/section>\n\t\t\t\t<\/div>\n\t\t","protected":false},"excerpt":{"rendered":"<p>Das Mutter-Kind-Turnen f\u00fcr 1-3-J\u00e4hrige bieten wir in Kooperation mit dem TuS Heinrichsthal-Wehrstapel an. F\u00fcr weitere Informationen folgen Sie bitte dem Link zum TuS Heinrichsthal-Wehrstapel. Dort finden Sie alle Informationen und Ansprechpartner.<\/p>\n","protected":false},"author":1,"featured_media":0,"parent":0,"menu_order":0,"comment_status":"closed","ping_status":"closed","template":"","meta":{"footnotes":""},"class_list":["post-82","page","type-page","status-publish","hentry"],"_links":{"self":[{"href":"https:\/\/sauerland-fitness.de\/index.php?rest_route=\/wp\/v2\/pages\/82","targetHints":{"allow":["GET"]}}],"collection":[{"href":"https:\/\/sauerland-fitness.de\/index.php?rest_route=\/wp\/v2\/pages"}],"about":[{"href":"https:\/\/sauerland-fitness.de\/index.php?rest_route=\/wp\/v2\/types\/page"}],"author":[{"embeddable":true,"href":"https:\/\/sauerland-fitness.de\/index.php?rest_route=\/wp\/v2\/users\/1"}],"replies":[{"embeddable":true,"href":"https:\/\/sauerland-fitness.de\/index.php?rest_route=%2Fwp%2Fv2%2Fcomments&post=82"}],"version-history":[{"count":4,"href":"https:\/\/sauerland-fitness.de\/index.php?rest_route=\/wp\/v2\/pages\/82\/revisions"}],"predecessor-version":[{"id":554,"href":"https:\/\/sauerland-fitness.de\/index.php?rest_route=\/wp\/v2\/pages\/82\/revisions\/554"}],"wp:attachment":[{"href":"https:\/\/sauerland-fitness.de\/index.php?rest_route=%2Fwp%2Fv2%2Fmedia&parent=82"}],"curies":[{"name":"wp","href":"https:\/\/api.w.org\/{rel}","templated":true}]}}